{"id":1100,"date":"2021-04-23T09:27:16","date_gmt":"2021-04-23T07:27:16","guid":{"rendered":"https:\/\/steigler-wines.com\/?page_id=1100"},"modified":"2021-04-23T09:27:18","modified_gmt":"2021-04-23T07:27:18","slug":"shop-2","status":"publish","type":"page","link":"https:\/\/steigler-wines.com\/de\/shop-2\/","title":{"rendered":"Shop"},"content":{"rendered":"\n<h1 class=\"gb-headline gb-headline-c461072b gb-headline-text\">Shop<\/h1>\n\n\n<div class=\"gb-grid-wrapper gb-grid-wrapper-a406a71b\">\n<div class=\"gb-grid-column gb-grid-column-64f489c3\"><div class=\"gb-container gb-container-64f489c3\"><div class=\"gb-inside-container\">\n\n<div class=\"wp-block-image\"><figure class=\"aligncenter size-large\"><a href=\"https:\/\/steigler.wineshop.hu\/\" target=\"_blank\" rel=\"noopener\"><img decoding=\"async\" loading=\"lazy\" width=\"90\" height=\"90\" src=\"https:\/\/steigler-wines.com\/wp-content\/uploads\/2021\/04\/wineshopt_logo.png\" alt=\"\" class=\"wp-image-1089\"\/><\/a><\/figure><\/div>\n\n<\/div><\/div><\/div>\n\n<div class=\"gb-grid-column gb-grid-column-7608cdf7\"><div class=\"gb-container gb-container-7608cdf7\"><div class=\"gb-inside-container\">\n\n<div class=\"wp-block-image\"><figure class=\"aligncenter size-large is-resized\"><a href=\"https:\/\/steigler.borbolt.hu\/\" target=\"_blank\" rel=\"noopener\"><img decoding=\"async\" loading=\"lazy\" src=\"https:\/\/steigler-wines.com\/wp-content\/uploads\/2020\/11\/borbolt-hu-logo-steigler-pince-sopron00.jpg\" alt=\"Steigler pince Sopron borbolt.hu\" class=\"wp-image-813\" width=\"275\" height=\"60\" srcset=\"https:\/\/steigler-wines.com\/wp-content\/uploads\/2020\/11\/borbolt-hu-logo-steigler-pince-sopron00.jpg 471w, https:\/\/steigler-wines.com\/wp-content\/uploads\/2020\/11\/borbolt-hu-logo-steigler-pince-sopron00-300x65.jpg 300w\" sizes=\"(max-width: 275px) 100vw, 275px\" \/><\/a><\/figure><\/div>\n\n<\/div><\/div><\/div>\n<\/div>\n\n<div class=\"gb-container gb-container-24286e20\"><div class=\"gb-inside-container\"><\/div><\/div>","protected":false},"excerpt":{"rendered":"<p>Shop<\/p>\n","protected":false},"author":1,"featured_media":0,"parent":0,"menu_order":0,"comment_status":"closed","ping_status":"closed","template":"","meta":{"_links_to":"","_links_to_target":""},"yoast_head":"<!-- This site is optimized with the Yoast SEO plugin v21.1 - https:\/\/yoast.com\/wordpress\/plugins\/seo\/ -->\n<title>Shop - Steigler Pinc\u00e9szet<\/title>\n<meta name=\"robots\" content=\"index, follow, max-snippet:-1, max-image-preview:large, max-video-preview:-1\" \/>\n<link rel=\"canonical\" href=\"https:\/\/steigler-wines.com\/de\/shop-2\/\" \/>\n<meta property=\"og:locale\" content=\"de_DE\" \/>\n<meta property=\"og:type\" content=\"article\" \/>\n<meta property=\"og:title\" content=\"Shop - Steigler Pinc\u00e9szet\" \/>\n<meta property=\"og:description\" content=\"Shop\" \/>\n<meta property=\"og:url\" content=\"https:\/\/steigler-wines.com\/de\/shop-2\/\" \/>\n<meta property=\"og:site_name\" content=\"Steigler Pinc\u00e9szet\" \/>\n<meta property=\"article:modified_time\" content=\"2021-04-23T07:27:18+00:00\" \/>\n<meta property=\"og:image\" content=\"https:\/\/steigler-wines.com\/wp-content\/uploads\/2021\/04\/wineshopt_logo.png\" \/>\n<meta name=\"twitter:card\" content=\"summary_large_image\" \/>\n<meta name=\"twitter:label1\" content=\"Gesch\u00e4tzte Lesezeit\" \/>\n\t<meta name=\"twitter:data1\" content=\"1\u00a0Minute\" \/>\n<script type=\"application\/ld+json\" class=\"yoast-schema-graph\">{\"@context\":\"https:\/\/schema.org\",\"@graph\":[{\"@type\":\"WebPage\",\"@id\":\"https:\/\/steigler-wines.com\/de\/shop-2\/\",\"url\":\"https:\/\/steigler-wines.com\/de\/shop-2\/\",\"name\":\"Shop - Steigler Pinc\u00e9szet\",\"isPartOf\":{\"@id\":\"https:\/\/steigler-wines.com\/de\/#website\"},\"datePublished\":\"2021-04-23T07:27:16+00:00\",\"dateModified\":\"2021-04-23T07:27:18+00:00\",\"breadcrumb\":{\"@id\":\"https:\/\/steigler-wines.com\/de\/shop-2\/#breadcrumb\"},\"inLanguage\":\"de\",\"potentialAction\":[{\"@type\":\"ReadAction\",\"target\":[\"https:\/\/steigler-wines.com\/de\/shop-2\/\"]}]},{\"@type\":\"BreadcrumbList\",\"@id\":\"https:\/\/steigler-wines.com\/de\/shop-2\/#breadcrumb\",\"itemListElement\":[{\"@type\":\"ListItem\",\"position\":1,\"name\":\"Kezd\u0151lap\",\"item\":\"https:\/\/steigler-wines.com\/de\/\"},{\"@type\":\"ListItem\",\"position\":2,\"name\":\"Shop\"}]},{\"@type\":\"WebSite\",\"@id\":\"https:\/\/steigler-wines.com\/de\/#website\",\"url\":\"https:\/\/steigler-wines.com\/de\/\",\"name\":\"Steigler Pinc\u00e9szet\",\"description\":\"A Steigler Pince c\u00e9lja, hogy a borvid\u00e9k remek adotts\u00e1gaira t\u00e1maszkodva a Balfi utcai \u00e9vsz\u00e1zados pince \u00f3don falai k\u00f6zt magas min\u0151s\u00e9g\u0171, els\u0151sorban bio borokat k\u00e9sz\u00edtsen, melyek h\u00edven \u0151rzik a term\u0151ter\u00fclet saj\u00e1toss\u00e1gait, a csill\u00e1mpal\u00e1s \u00e1sv\u00e1nyoss\u00e1g egyedis\u00e9g\u00e9t.\",\"publisher\":{\"@id\":\"https:\/\/steigler-wines.com\/de\/#organization\"},\"potentialAction\":[{\"@type\":\"SearchAction\",\"target\":{\"@type\":\"EntryPoint\",\"urlTemplate\":\"https:\/\/steigler-wines.com\/de\/?s={search_term_string}\"},\"query-input\":\"required name=search_term_string\"}],\"inLanguage\":\"de\"},{\"@type\":\"Organization\",\"@id\":\"https:\/\/steigler-wines.com\/de\/#organization\",\"name\":\"Steigler Pinc\u00e9szet\",\"url\":\"https:\/\/steigler-wines.com\/de\/\",\"logo\":{\"@type\":\"ImageObject\",\"inLanguage\":\"de\",\"@id\":\"https:\/\/steigler-wines.com\/de\/#\/schema\/logo\/image\/\",\"url\":\"https:\/\/steigler-wines.com\/wp-content\/uploads\/2020\/10\/steigler_pince_sopron-nlogo-e1602177819921.png\",\"contentUrl\":\"https:\/\/steigler-wines.com\/wp-content\/uploads\/2020\/10\/steigler_pince_sopron-nlogo-e1602177819921.png\",\"width\":300,\"height\":80,\"caption\":\"Steigler Pinc\u00e9szet\"},\"image\":{\"@id\":\"https:\/\/steigler-wines.com\/de\/#\/schema\/logo\/image\/\"}}]}<\/script>\n<!-- \/ Yoast SEO plugin. -->","yoast_head_json":{"title":"Shop - Steigler Pinc\u00e9szet","robots":{"index":"index","follow":"follow","max-snippet":"max-snippet:-1","max-image-preview":"max-image-preview:large","max-video-preview":"max-video-preview:-1"},"canonical":"https:\/\/steigler-wines.com\/de\/shop-2\/","og_locale":"de_DE","og_type":"article","og_title":"Shop - Steigler Pinc\u00e9szet","og_description":"Shop","og_url":"https:\/\/steigler-wines.com\/de\/shop-2\/","og_site_name":"Steigler Pinc\u00e9szet","article_modified_time":"2021-04-23T07:27:18+00:00","og_image":[{"url":"https:\/\/steigler-wines.com\/wp-content\/uploads\/2021\/04\/wineshopt_logo.png"}],"twitter_card":"summary_large_image","twitter_misc":{"Gesch\u00e4tzte Lesezeit":"1\u00a0Minute"},"schema":{"@context":"https:\/\/schema.org","@graph":[{"@type":"WebPage","@id":"https:\/\/steigler-wines.com\/de\/shop-2\/","url":"https:\/\/steigler-wines.com\/de\/shop-2\/","name":"Shop - Steigler Pinc\u00e9szet","isPartOf":{"@id":"https:\/\/steigler-wines.com\/de\/#website"},"datePublished":"2021-04-23T07:27:16+00:00","dateModified":"2021-04-23T07:27:18+00:00","breadcrumb":{"@id":"https:\/\/steigler-wines.com\/de\/shop-2\/#breadcrumb"},"inLanguage":"de","potentialAction":[{"@type":"ReadAction","target":["https:\/\/steigler-wines.com\/de\/shop-2\/"]}]},{"@type":"BreadcrumbList","@id":"https:\/\/steigler-wines.com\/de\/shop-2\/#breadcrumb","itemListElement":[{"@type":"ListItem","position":1,"name":"Kezd\u0151lap","item":"https:\/\/steigler-wines.com\/de\/"},{"@type":"ListItem","position":2,"name":"Shop"}]},{"@type":"WebSite","@id":"https:\/\/steigler-wines.com\/de\/#website","url":"https:\/\/steigler-wines.com\/de\/","name":"Steigler Pinc\u00e9szet","description":"A Steigler Pince c\u00e9lja, hogy a borvid\u00e9k remek adotts\u00e1gaira t\u00e1maszkodva a Balfi utcai \u00e9vsz\u00e1zados pince \u00f3don falai k\u00f6zt magas min\u0151s\u00e9g\u0171, els\u0151sorban bio borokat k\u00e9sz\u00edtsen, melyek h\u00edven \u0151rzik a term\u0151ter\u00fclet saj\u00e1toss\u00e1gait, a csill\u00e1mpal\u00e1s \u00e1sv\u00e1nyoss\u00e1g egyedis\u00e9g\u00e9t.","publisher":{"@id":"https:\/\/steigler-wines.com\/de\/#organization"},"potentialAction":[{"@type":"SearchAction","target":{"@type":"EntryPoint","urlTemplate":"https:\/\/steigler-wines.com\/de\/?s={search_term_string}"},"query-input":"required name=search_term_string"}],"inLanguage":"de"},{"@type":"Organization","@id":"https:\/\/steigler-wines.com\/de\/#organization","name":"Steigler Pinc\u00e9szet","url":"https:\/\/steigler-wines.com\/de\/","logo":{"@type":"ImageObject","inLanguage":"de","@id":"https:\/\/steigler-wines.com\/de\/#\/schema\/logo\/image\/","url":"https:\/\/steigler-wines.com\/wp-content\/uploads\/2020\/10\/steigler_pince_sopron-nlogo-e1602177819921.png","contentUrl":"https:\/\/steigler-wines.com\/wp-content\/uploads\/2020\/10\/steigler_pince_sopron-nlogo-e1602177819921.png","width":300,"height":80,"caption":"Steigler Pinc\u00e9szet"},"image":{"@id":"https:\/\/steigler-wines.com\/de\/#\/schema\/logo\/image\/"}}]}},"_links":{"self":[{"href":"https:\/\/steigler-wines.com\/de\/wp-json\/wp\/v2\/pages\/1100"}],"collection":[{"href":"https:\/\/steigler-wines.com\/de\/wp-json\/wp\/v2\/pages"}],"about":[{"href":"https:\/\/steigler-wines.com\/de\/wp-json\/wp\/v2\/types\/page"}],"author":[{"embeddable":true,"href":"https:\/\/steigler-wines.com\/de\/wp-json\/wp\/v2\/users\/1"}],"replies":[{"embeddable":true,"href":"https:\/\/steigler-wines.com\/de\/wp-json\/wp\/v2\/comments?post=1100"}],"version-history":[{"count":0,"href":"https:\/\/steigler-wines.com\/de\/wp-json\/wp\/v2\/pages\/1100\/revisions"}],"wp:attachment":[{"href":"https:\/\/steigler-wines.com\/de\/wp-json\/wp\/v2\/media?parent=1100"}],"curies":[{"name":"wp","href":"https:\/\/api.w.org\/{rel}","templated":true}]}}